{"id":6,"date":"2019-03-06T23:14:05","date_gmt":"2019-03-06T23:14:05","guid":{"rendered":"http:\/\/sdic.com.co\/?page_id=6"},"modified":"2020-07-06T13:16:38","modified_gmt":"2020-07-06T13:16:38","slug":"inicio","status":"publish","type":"page","link":"https:\/\/sdic.com.co\/?page_id=6","title":{"rendered":"Nosotros"},"content":{"rendered":"\n<h2 class=\"wp-block-heading\">PERFIL DE LA EMPRESA<\/h2>\n\n\n\n<p>La empresa SDIC SAS est\u00e1 constituida\ndesde el a\u00f1o 1992, fecha desde la cual cuenta con experiencia en dise\u00f1o y\nconstrucci\u00f3n de obras civiles, metal mec\u00e1nicas, hidr\u00e1ulicas; caracteriz\u00e1ndonos\npor el ejercicio responsable de la ingenier\u00eda, la \u00e9tica, el compromiso social,\nambiental y de seguridad en cada una de nuestras obras.<\/p>\n\n\n\n<p>Contamos con certificaci\u00f3n ISO 9001 \u2013 2015 y en proceso de certificaci\u00f3n ISO 14001 Y OSHAS 18001, lo cual nos permite ofrecer trabajos de alta calidad, adem\u00e1s contamos con personal altamente calificado con amplia experiencia en la construcci\u00f3n de todo tipo de obras con resultados satisfactorios para nuestros clientes, relacionados en nuestra lista de clientes.<\/p>\n\n\n\n<p>Adicionalmente SDIC cuenta con el apoyo de su aliada ESMEC para el mecanizado, ensamble de equipos, fabricaci\u00f3n de compuertas hidr\u00e1ulicas, construcci\u00f3n de bases para equipos rotativos y est\u00e1ticos, y fabricaci\u00f3n de estructuras soldadas.<\/p>\n","protected":false},"excerpt":{"rendered":"<div class=\"entry-summary\">\nPERFIL DE LA EMPRESA La empresa SDIC SAS est\u00e1 constituida desde el a\u00f1o 1992, fecha desde la cual cuenta con experiencia en dise\u00f1o y construcci\u00f3n de obras civiles, metal mec\u00e1nicas, hidr\u00e1ulicas; caracteriz\u00e1ndonos por el ejercicio responsable de la ingenier\u00eda, la&hellip;\n<\/div>\n<div class=\"link-more\"><a href=\"https:\/\/sdic.com.co\/?page_id=6\" class=\"more-link\">Seguir leyendo<span class=\"screen-reader-text\"> &ldquo;Nosotros&rdquo;<\/span>&hellip;<\/a><\/div>\n","protected":false},"author":1,"featured_media":0,"parent":0,"menu_order":0,"comment_status":"closed","ping_status":"closed","template":"templates\/sidebar.php","meta":{"footnotes":""},"class_list":["post-6","page","type-page","status-publish","hentry","entry"],"_links":{"self":[{"href":"https:\/\/sdic.com.co\/index.php?rest_route=\/wp\/v2\/pages\/6","targetHints":{"allow":["GET"]}}],"collection":[{"href":"https:\/\/sdic.com.co\/index.php?rest_route=\/wp\/v2\/pages"}],"about":[{"href":"https:\/\/sdic.com.co\/index.php?rest_route=\/wp\/v2\/types\/page"}],"author":[{"embeddable":true,"href":"https:\/\/sdic.com.co\/index.php?rest_route=\/wp\/v2\/users\/1"}],"replies":[{"embeddable":true,"href":"https:\/\/sdic.com.co\/index.php?rest_route=%2Fwp%2Fv2%2Fcomments&post=6"}],"version-history":[{"count":6,"href":"https:\/\/sdic.com.co\/index.php?rest_route=\/wp\/v2\/pages\/6\/revisions"}],"predecessor-version":[{"id":466,"href":"https:\/\/sdic.com.co\/index.php?rest_route=\/wp\/v2\/pages\/6\/revisions\/466"}],"wp:attachment":[{"href":"https:\/\/sdic.com.co\/index.php?rest_route=%2Fwp%2Fv2%2Fmedia&parent=6"}],"curies":[{"name":"wp","href":"https:\/\/api.w.org\/{rel}","templated":true}]}}