{"id":47,"date":"2019-04-23T00:15:43","date_gmt":"2019-04-23T00:15:43","guid":{"rendered":"http:\/\/sdic.com.co\/?page_id=47"},"modified":"2020-07-06T02:26:06","modified_gmt":"2020-07-06T02:26:06","slug":"servicios","status":"publish","type":"page","link":"https:\/\/sdic.com.co\/?page_id=47","title":{"rendered":"Servicios"},"content":{"rendered":"\n<h2 class=\"has-text-align-center wp-block-heading\">ACTIVIDADES DE LA EMPRESA<\/h2>\n\n\n\n<h3 class=\"has-text-align-center wp-block-heading\"><strong>Dise\u00f1o y construcci\u00f3n de obras civiles y mec\u00e1nicas<\/strong><\/h3>\n\n\n\n<figure class=\"wp-block-gallery columns-3 is-cropped wp-block-gallery-1 is-layout-flex wp-block-gallery-is-layout-flex\"><ul class=\"blocks-gallery-grid\"><li class=\"blocks-gallery-item\"><figure><img loading=\"lazy\" decoding=\"async\" width=\"1024\" height=\"768\" src=\"http:\/\/sdic.com.co\/wp-content\/uploads\/2019\/04\/DSCF5133-1024x768.jpg\" alt=\"\" data-id=\"150\" data-link=\"http:\/\/sdic.com.co\/?attachment_id=150\" class=\"wp-image-150\" srcset=\"https:\/\/sdic.com.co\/wp-content\/uploads\/2019\/04\/DSCF5133-1024x768.jpg 1024w, https:\/\/sdic.com.co\/wp-content\/uploads\/2019\/04\/DSCF5133-300x225.jpg 300w, https:\/\/sdic.com.co\/wp-content\/uploads\/2019\/04\/DSCF5133-768x576.jpg 768w\" sizes=\"auto, (max-width: 1024px) 100vw, 1024px\" \/><\/figure><\/li><li class=\"blocks-gallery-item\"><figure><img loading=\"lazy\" decoding=\"async\" width=\"900\" height=\"580\" src=\"http:\/\/sdic.com.co\/wp-content\/uploads\/2019\/04\/foto2.jpg\" alt=\"\" data-id=\"156\" data-link=\"http:\/\/sdic.com.co\/?attachment_id=156\" class=\"wp-image-156\" srcset=\"https:\/\/sdic.com.co\/wp-content\/uploads\/2019\/04\/foto2.jpg 900w, https:\/\/sdic.com.co\/wp-content\/uploads\/2019\/04\/foto2-300x193.jpg 300w, https:\/\/sdic.com.co\/wp-content\/uploads\/2019\/04\/foto2-768x495.jpg 768w\" sizes=\"auto, (max-width: 900px) 100vw, 900px\" \/><\/figure><\/li><li class=\"blocks-gallery-item\"><figure><img loading=\"lazy\" decoding=\"async\" width=\"1024\" height=\"768\" src=\"http:\/\/sdic.com.co\/wp-content\/uploads\/2019\/04\/IMG-20150116-WA0001-1024x768.jpg\" alt=\"\" data-id=\"167\" data-link=\"http:\/\/sdic.com.co\/?attachment_id=167\" class=\"wp-image-167\" srcset=\"https:\/\/sdic.com.co\/wp-content\/uploads\/2019\/04\/IMG-20150116-WA0001-1024x768.jpg 1024w, https:\/\/sdic.com.co\/wp-content\/uploads\/2019\/04\/IMG-20150116-WA0001-300x225.jpg 300w, https:\/\/sdic.com.co\/wp-content\/uploads\/2019\/04\/IMG-20150116-WA0001-768x576.jpg 768w, https:\/\/sdic.com.co\/wp-content\/uploads\/2019\/04\/IMG-20150116-WA0001.jpg 1280w\" sizes=\"auto, (max-width: 1024px) 100vw, 1024px\" \/><\/figure><\/li><\/ul><\/figure>\n\n\n\n<h4 class=\"wp-block-heading\">OBRAS CIVILES HIDR\u00c1ULICAS<\/h4>\n\n\n\n<ul class=\"wp-block-list\"><li>Peque\u00f1as centrales hidroel\u00e9ctricas, diques, sedimentadores. <\/li><li>Construcci\u00f3n, reparaci\u00f3n y mantenimiento t\u00faneles y galer\u00edas, blindajes, sostenimiento, etc. <\/li><li>Conducci\u00f3n hidr\u00e1ulica<\/li><li>Sistemas de irrigaci\u00f3n y drenaje <\/li><\/ul>\n\n\n\n<h4 class=\"wp-block-heading\"> MONTAJES MEC\u00c1NICOS <\/h4>\n\n\n\n<ul class=\"wp-block-list\"><li> Fabricaci\u00f3n y montajes de tuber\u00edas de presi\u00f3n<\/li><li> Montaje de bombas <\/li><li> Montaje de v\u00e1lvulas <\/li><li> Fabricaci\u00f3n y montaje de compuertas hidr\u00e1ulicas<\/li><li> Fabricaci\u00f3n y montaje tanques de almacenamiento<\/li><\/ul>\n\n\n\n<h4 class=\"wp-block-heading\"> PUENTES METALICOS<\/h4>\n\n\n\n<ul class=\"wp-block-list\"><li> Puentes viales<\/li><li>Puentes peatonales<\/li><\/ul>\n\n\n\n<h4 class=\"wp-block-heading\">EDIFICACIONES<\/h4>\n\n\n\n<ul class=\"wp-block-list\"><li> Edificaciones<\/li><li>Estructuras met\u00e1licas<\/li><li>Estructuras en concreto<\/li><\/ul>\n\n\n\n<h4 class=\"wp-block-heading\">MOVIMIENTOS DE TIERRA<\/h4>\n\n\n\n<ul class=\"wp-block-list\"><li>Excavaciones<\/li><li>Terraplenes \/ rellenos<\/li><li>Explanaciones<\/li><li>Demoliciones<\/li><\/ul>\n\n\n\n<h4 class=\"wp-block-heading\">OBRAS SANITARIAS Y AMBIENTALES<\/h4>\n\n\n\n<ul class=\"wp-block-list\"><li>Redes de distribuci\u00f3n de agua potable<\/li><li>Redes de distribuci\u00f3n de aguas servidas<\/li><li>Estaciones de bombeo<\/li><li>Plantas de tratamiento<\/li><li>Tanques de almacenamiento<\/li><li>Protecci\u00f3n y control de erosiones<\/li><\/ul>\n\n\n\n<h4 class=\"wp-block-heading\">MECANIZADOS &#8211; FABRICACIONES ESPECIALES<\/h4>\n\n\n\n<ul class=\"wp-block-list\"><li>Bridas especiales<\/li><li>Tornillos de Arqu\u00edmedes<\/li><li>Bases para equipos rotatorios y est\u00e1ticos<\/li><li>Tuber\u00edas y accesorios<\/li><li>Fabricaciones soldadas<\/li><li>Fabricaci\u00f3n de compuertas hidr\u00e1ulicas<\/li><\/ul>\n\n\n\n<figure class=\"wp-block-gallery columns-3 is-cropped wp-block-gallery-2 is-layout-flex wp-block-gallery-is-layout-flex\"><ul class=\"blocks-gallery-grid\"><li class=\"blocks-gallery-item\"><figure><img loading=\"lazy\" decoding=\"async\" width=\"1024\" height=\"768\" src=\"http:\/\/sdic.com.co\/wp-content\/uploads\/2019\/04\/Tub-1.2m-1024x768.jpg\" alt=\"\" data-id=\"210\" data-link=\"http:\/\/sdic.com.co\/?attachment_id=210\" class=\"wp-image-210\" srcset=\"https:\/\/sdic.com.co\/wp-content\/uploads\/2019\/04\/Tub-1.2m-1024x768.jpg 1024w, https:\/\/sdic.com.co\/wp-content\/uploads\/2019\/04\/Tub-1.2m-300x225.jpg 300w, https:\/\/sdic.com.co\/wp-content\/uploads\/2019\/04\/Tub-1.2m-768x576.jpg 768w, https:\/\/sdic.com.co\/wp-content\/uploads\/2019\/04\/Tub-1.2m.jpg 2048w\" sizes=\"auto, (max-width: 1024px) 100vw, 1024px\" \/><figcaption class=\"blocks-gallery-item__caption\">\u0092<\/figcaption><\/figure><\/li><li class=\"blocks-gallery-item\"><figure><img loading=\"lazy\" decoding=\"async\" width=\"1000\" height=\"563\" src=\"http:\/\/sdic.com.co\/wp-content\/uploads\/2019\/04\/tn_20170505_122519.jpg\" alt=\"\" data-id=\"209\" data-link=\"http:\/\/sdic.com.co\/?attachment_id=209\" class=\"wp-image-209\" srcset=\"https:\/\/sdic.com.co\/wp-content\/uploads\/2019\/04\/tn_20170505_122519.jpg 1000w, https:\/\/sdic.com.co\/wp-content\/uploads\/2019\/04\/tn_20170505_122519-300x169.jpg 300w, https:\/\/sdic.com.co\/wp-content\/uploads\/2019\/04\/tn_20170505_122519-768x432.jpg 768w\" sizes=\"auto, (max-width: 1000px) 100vw, 1000px\" \/><\/figure><\/li><li class=\"blocks-gallery-item\"><figure><img loading=\"lazy\" decoding=\"async\" width=\"1000\" height=\"563\" src=\"http:\/\/sdic.com.co\/wp-content\/uploads\/2019\/04\/tn_20170505_122349.jpg\" alt=\"\" data-id=\"208\" data-link=\"http:\/\/sdic.com.co\/?attachment_id=208\" class=\"wp-image-208\" srcset=\"https:\/\/sdic.com.co\/wp-content\/uploads\/2019\/04\/tn_20170505_122349.jpg 1000w, https:\/\/sdic.com.co\/wp-content\/uploads\/2019\/04\/tn_20170505_122349-300x169.jpg 300w, https:\/\/sdic.com.co\/wp-content\/uploads\/2019\/04\/tn_20170505_122349-768x432.jpg 768w\" sizes=\"auto, (max-width: 1000px) 100vw, 1000px\" \/><\/figure><\/li><\/ul><\/figure>\n","protected":false},"excerpt":{"rendered":"<div class=\"entry-summary\">\nACTIVIDADES DE LA EMPRESA Dise\u00f1o y construcci\u00f3n de obras civiles y mec\u00e1nicas OBRAS CIVILES HIDR\u00c1ULICAS Peque\u00f1as centrales hidroel\u00e9ctricas, diques, sedimentadores. Construcci\u00f3n, reparaci\u00f3n y mantenimiento t\u00faneles y galer\u00edas, blindajes, sostenimiento, etc. Conducci\u00f3n hidr\u00e1ulica Sistemas de irrigaci\u00f3n y drenaje MONTAJES MEC\u00c1NICOS Fabricaci\u00f3n&hellip;\n<\/div>\n<div class=\"link-more\"><a href=\"https:\/\/sdic.com.co\/?page_id=47\" class=\"more-link\">Seguir leyendo<span class=\"screen-reader-text\"> &ldquo;Servicios&rdquo;<\/span>&hellip;<\/a><\/div>\n","protected":false},"author":1,"featured_media":0,"parent":0,"menu_order":0,"comment_status":"closed","ping_status":"closed","template":"templates\/sidebar.php","meta":{"footnotes":""},"class_list":["post-47","page","type-page","status-publish","hentry","entry"],"_links":{"self":[{"href":"https:\/\/sdic.com.co\/index.php?rest_route=\/wp\/v2\/pages\/47","targetHints":{"allow":["GET"]}}],"collection":[{"href":"https:\/\/sdic.com.co\/index.php?rest_route=\/wp\/v2\/pages"}],"about":[{"href":"https:\/\/sdic.com.co\/index.php?rest_route=\/wp\/v2\/types\/page"}],"author":[{"embeddable":true,"href":"https:\/\/sdic.com.co\/index.php?rest_route=\/wp\/v2\/users\/1"}],"replies":[{"embeddable":true,"href":"https:\/\/sdic.com.co\/index.php?rest_route=%2Fwp%2Fv2%2Fcomments&post=47"}],"version-history":[{"count":8,"href":"https:\/\/sdic.com.co\/index.php?rest_route=\/wp\/v2\/pages\/47\/revisions"}],"predecessor-version":[{"id":440,"href":"https:\/\/sdic.com.co\/index.php?rest_route=\/wp\/v2\/pages\/47\/revisions\/440"}],"wp:attachment":[{"href":"https:\/\/sdic.com.co\/index.php?rest_route=%2Fwp%2Fv2%2Fmedia&parent=47"}],"curies":[{"name":"wp","href":"https:\/\/api.w.org\/{rel}","templated":true}]}}